{"id":438,"date":"2021-03-13T10:56:29","date_gmt":"2021-03-13T09:56:29","guid":{"rendered":"https:\/\/www.elektro-schnitzke.de\/?page_id=438"},"modified":"2023-04-13T17:59:40","modified_gmt":"2023-04-13T15:59:40","slug":"bueroflaechen-zu-vermieten","status":"publish","type":"page","link":"https:\/\/www.elektro-schnitzke.de\/?page_id=438","title":{"rendered":"B\u00fcrofl\u00e4chen zu vermieten"},"content":{"rendered":"\n<h2 class=\"wp-block-heading\">Gro\u00dfraumb\u00fcro \/ Loft auf zwei Ebenen<br><\/h2>\n\n\n\n<p>Sie suchen B\u00fcrofl\u00e4chen f\u00fcr Ihr Unternehmen im Raum Dachau?<br>Dann sind sie hier, bei uns in Altom\u00fcnster, genau richtig. <br>Das individuell gestaltbare Loft liegt direkt im Altom\u00fcnsterer Gewerbepark.<br>Gut zu erreichen mit der S-Bahn Linie 2. <\/p>\n\n\n\n<p>Unser Gro\u00dfraumb\u00fcro bietet ca. 195 qm Nutzungsfl\u00e4che aufgeteilt auf zwei Ebenen. <br>Die obere Ebene &#8211; Galerie &#8211; verf\u00fcgt \u00fcber 30 qm und ist \u00fcber eine Wendeltreppe erreichbar.<\/p>\n\n\n\n<p>Zur Ausstattung geh\u00f6ren:<\/p>\n\n\n\n<ul class=\"wp-block-list\">\n<li>Parkpl\u00e4tze direkt vor Ort (3 St\u00fcck)<\/li>\n\n\n\n<li>Aufgang \u00fcber das gemeinschaftliche Treppenhaus<\/li>\n\n\n\n<li>Sanit\u00e4re Einrichtung (Unisex WC mit Dusche und Waschbecken)<\/li>\n\n\n\n<li>Vorbereitung f\u00fcr Kaffee- bzw. Teek\u00fcche<\/li>\n\n\n\n<li>Holz- bzw. tlw. Fliesenboden<\/li>\n\n\n\n<li>3-fach verglaste Fenster<\/li>\n\n\n\n<li>Fu\u00dfbodenheizung (betrieben mit einer modernen Brennwert &#8211; Hybridheizung)<\/li>\n<\/ul>\n\n\n\n<p>Technische Merkmale:<\/p>\n\n\n\n<ul class=\"wp-block-list\">\n<li>Beleuchtung weitestgehend angebracht (individuell anpassbar)<\/li>\n\n\n\n<li>Netzwerk \/ LAN Verkabelung (ebenfalls individuell anpassbar)<\/li>\n\n\n\n<li>Internetanschluss (Alto Netz liegt am Geb\u00e4ude an)<\/li>\n\n\n\n<li>ausreichende Anzahl an Steckdosen<\/li>\n\n\n\n<li>Rollos auf der S\u00fcd &#8211; Seite<br><\/li>\n<\/ul>\n\n\n\n<p>Wir befinden uns aktuell in der Fertigstellungsphase, kleinere individuelle Anpassungen k\u00f6nnen noch nach ihren W\u00fcnschen realisiert werden. <\/p>\n\n\n\n<p>Sprechen Sie uns gerne an. <\/p>\n\n\n\n<div class=\"wp-block-buttons is-layout-flex wp-block-buttons-is-layout-flex\">\n<div class=\"wp-block-button has-custom-width wp-block-button__width-100 is-style-outline is-style-outline--1\"><a class=\"wp-block-button__link has-black-color has-text-color wp-element-button\" href=\"mailto:info@elektro-schnitzke.de\" target=\"_blank\" rel=\"mailto:info@elektro-schnitzke.de noopener\">info@elektro-schnitzke.de<\/a><\/div>\n<\/div>\n\n\n\n<p><\/p>\n\n\n<style type=\"text\/css\">\r\n\t#foogallery-gallery-455 .fg-image {\r\n        width: 200px;\r\n    }\r\n<\/style>\r\n\t\t\t\t<div class=\"foogallery foogallery-container foogallery-default foogallery-lightbox-none fg-gutter-15 fg-center fg-default fg-light fg-border-thin fg-shadow-outline fg-loading-default fg-loaded-fade-in fg-caption-hover fg-hover-fade fg-hover-zoom fg-ready\" id=\"foogallery-gallery-455\" data-foogallery=\"{&quot;item&quot;:{&quot;showCaptionTitle&quot;:true,&quot;showCaptionDescription&quot;:true},&quot;lazy&quot;:true}\" >\r\n\t<div class=\"fg-item fg-type-image fg-idle\"><figure class=\"fg-item-inner\"><a href=\"https:\/\/www.elektro-schnitzke.de\/wp-content\/uploads\/2021\/03\/15B3671C-CF55-49CD-9D95-EA795F3BD560-scaled.jpeg\" data-attachment-id=\"461\" data-type=\"image\" class=\"fg-thumb\"><span class=\"fg-image-wrap\"><img decoding=\"async\" width=\"200\" height=\"200\" class=\"skip-lazy fg-image\" data-src-fg=\"https:\/\/www.elektro-schnitzke.de\/wp-content\/uploads\/cache\/2021\/03\/15B3671C-CF55-49CD-9D95-EA795F3BD560-scaled\/3822831816.jpeg\" src=\"data:image\/svg+xml,%3Csvg%20xmlns%3D%22http%3A%2F%2Fwww.w3.org%2F2000%2Fsvg%22%20width%3D%22200%22%20height%3D%22200%22%20viewBox%3D%220%200%20200%20200%22%3E%3C%2Fsvg%3E\" loading=\"eager\"><\/span><span class=\"fg-image-overlay\"><\/span><\/a><figcaption class=\"fg-caption\"><div class=\"fg-caption-inner\"><\/div><\/figcaption><\/figure><div class=\"fg-loader\"><\/div><\/div><div class=\"fg-item fg-type-image fg-idle\"><figure class=\"fg-item-inner\"><a href=\"https:\/\/www.elektro-schnitzke.de\/wp-content\/uploads\/2021\/03\/890E3C47-7B92-490C-B23E-28DE3C4FAAAA-scaled.jpeg\" data-attachment-id=\"462\" data-type=\"image\" class=\"fg-thumb\"><span class=\"fg-image-wrap\"><img decoding=\"async\" width=\"200\" height=\"200\" class=\"skip-lazy fg-image\" data-src-fg=\"https:\/\/www.elektro-schnitzke.de\/wp-content\/uploads\/cache\/2021\/03\/890E3C47-7B92-490C-B23E-28DE3C4FAAAA-scaled\/766634997.jpeg\" src=\"data:image\/svg+xml,%3Csvg%20xmlns%3D%22http%3A%2F%2Fwww.w3.org%2F2000%2Fsvg%22%20width%3D%22200%22%20height%3D%22200%22%20viewBox%3D%220%200%20200%20200%22%3E%3C%2Fsvg%3E\" loading=\"eager\"><\/span><span class=\"fg-image-overlay\"><\/span><\/a><figcaption class=\"fg-caption\"><div class=\"fg-caption-inner\"><\/div><\/figcaption><\/figure><div class=\"fg-loader\"><\/div><\/div><div class=\"fg-item fg-type-image fg-idle\"><figure class=\"fg-item-inner\"><a href=\"https:\/\/www.elektro-schnitzke.de\/wp-content\/uploads\/2021\/03\/92F5D8C9-1481-4472-9E01-97BA4F6FB4C4-scaled.jpeg\" data-attachment-id=\"463\" data-type=\"image\" class=\"fg-thumb\"><span class=\"fg-image-wrap\"><img decoding=\"async\" width=\"200\" height=\"200\" class=\"skip-lazy fg-image\" data-src-fg=\"https:\/\/www.elektro-schnitzke.de\/wp-content\/uploads\/cache\/2021\/03\/92F5D8C9-1481-4472-9E01-97BA4F6FB4C4-scaled\/1429499446.jpeg\" src=\"data:image\/svg+xml,%3Csvg%20xmlns%3D%22http%3A%2F%2Fwww.w3.org%2F2000%2Fsvg%22%20width%3D%22200%22%20height%3D%22200%22%20viewBox%3D%220%200%20200%20200%22%3E%3C%2Fsvg%3E\" loading=\"eager\"><\/span><span class=\"fg-image-overlay\"><\/span><\/a><figcaption class=\"fg-caption\"><div class=\"fg-caption-inner\"><\/div><\/figcaption><\/figure><div class=\"fg-loader\"><\/div><\/div><div class=\"fg-item fg-type-image fg-idle\"><figure class=\"fg-item-inner\"><a href=\"https:\/\/www.elektro-schnitzke.de\/wp-content\/uploads\/2021\/03\/7A2D2A03-F306-4D64-8915-D41ADFB28257-scaled.jpeg\" data-attachment-id=\"464\" data-type=\"image\" class=\"fg-thumb\"><span class=\"fg-image-wrap\"><img decoding=\"async\" width=\"200\" height=\"200\" class=\"skip-lazy fg-image\" data-src-fg=\"https:\/\/www.elektro-schnitzke.de\/wp-content\/uploads\/cache\/2021\/03\/7A2D2A03-F306-4D64-8915-D41ADFB28257-scaled\/2884940858.jpeg\" src=\"data:image\/svg+xml,%3Csvg%20xmlns%3D%22http%3A%2F%2Fwww.w3.org%2F2000%2Fsvg%22%20width%3D%22200%22%20height%3D%22200%22%20viewBox%3D%220%200%20200%20200%22%3E%3C%2Fsvg%3E\" loading=\"eager\"><\/span><span class=\"fg-image-overlay\"><\/span><\/a><figcaption class=\"fg-caption\"><div class=\"fg-caption-inner\"><\/div><\/figcaption><\/figure><div class=\"fg-loader\"><\/div><\/div><div class=\"fg-item fg-type-image fg-idle\"><figure class=\"fg-item-inner\"><a href=\"https:\/\/www.elektro-schnitzke.de\/wp-content\/uploads\/2021\/03\/DE0D406C-C03D-4350-B8DC-C39330166D86-scaled.jpeg\" data-attachment-id=\"465\" data-type=\"image\" class=\"fg-thumb\"><span class=\"fg-image-wrap\"><img decoding=\"async\" width=\"200\" height=\"200\" class=\"skip-lazy fg-image\" data-src-fg=\"https:\/\/www.elektro-schnitzke.de\/wp-content\/uploads\/cache\/2021\/03\/DE0D406C-C03D-4350-B8DC-C39330166D86-scaled\/3147923493.jpeg\" src=\"data:image\/svg+xml,%3Csvg%20xmlns%3D%22http%3A%2F%2Fwww.w3.org%2F2000%2Fsvg%22%20width%3D%22200%22%20height%3D%22200%22%20viewBox%3D%220%200%20200%20200%22%3E%3C%2Fsvg%3E\" loading=\"eager\"><\/span><span class=\"fg-image-overlay\"><\/span><\/a><figcaption class=\"fg-caption\"><div class=\"fg-caption-inner\"><\/div><\/figcaption><\/figure><div class=\"fg-loader\"><\/div><\/div><div class=\"fg-item fg-type-image fg-idle\"><figure class=\"fg-item-inner\"><a href=\"https:\/\/www.elektro-schnitzke.de\/wp-content\/uploads\/2021\/03\/9D385DE7-140A-4A22-A0D6-E9A34528245E-scaled.jpeg\" data-attachment-id=\"467\" data-type=\"image\" class=\"fg-thumb\"><span class=\"fg-image-wrap\"><img decoding=\"async\" width=\"200\" height=\"200\" class=\"skip-lazy fg-image\" data-src-fg=\"https:\/\/www.elektro-schnitzke.de\/wp-content\/uploads\/cache\/2021\/03\/9D385DE7-140A-4A22-A0D6-E9A34528245E-scaled\/3246016117.jpeg\" src=\"data:image\/svg+xml,%3Csvg%20xmlns%3D%22http%3A%2F%2Fwww.w3.org%2F2000%2Fsvg%22%20width%3D%22200%22%20height%3D%22200%22%20viewBox%3D%220%200%20200%20200%22%3E%3C%2Fsvg%3E\" loading=\"eager\"><\/span><span class=\"fg-image-overlay\"><\/span><\/a><figcaption class=\"fg-caption\"><div class=\"fg-caption-inner\"><\/div><\/figcaption><\/figure><div class=\"fg-loader\"><\/div><\/div><div class=\"fg-item fg-type-image fg-idle\"><figure class=\"fg-item-inner\"><a href=\"https:\/\/www.elektro-schnitzke.de\/wp-content\/uploads\/2021\/03\/1F5CDF17-3D42-4DCA-91FC-F9066000960F-scaled.jpeg\" data-attachment-id=\"469\" data-type=\"image\" class=\"fg-thumb\"><span class=\"fg-image-wrap\"><img decoding=\"async\" width=\"200\" height=\"200\" class=\"skip-lazy fg-image\" data-src-fg=\"https:\/\/www.elektro-schnitzke.de\/wp-content\/uploads\/cache\/2021\/03\/1F5CDF17-3D42-4DCA-91FC-F9066000960F-scaled\/489779476.jpeg\" src=\"data:image\/svg+xml,%3Csvg%20xmlns%3D%22http%3A%2F%2Fwww.w3.org%2F2000%2Fsvg%22%20width%3D%22200%22%20height%3D%22200%22%20viewBox%3D%220%200%20200%20200%22%3E%3C%2Fsvg%3E\" loading=\"eager\"><\/span><span class=\"fg-image-overlay\"><\/span><\/a><figcaption class=\"fg-caption\"><div class=\"fg-caption-inner\"><\/div><\/figcaption><\/figure><div class=\"fg-loader\"><\/div><\/div><div class=\"fg-item fg-type-image fg-idle\"><figure class=\"fg-item-inner\"><a href=\"https:\/\/www.elektro-schnitzke.de\/wp-content\/uploads\/2021\/03\/FEAE0B4A-1F47-4699-B9A6-2FF3942738E1-scaled.jpeg\" data-attachment-id=\"472\" data-type=\"image\" class=\"fg-thumb\"><span class=\"fg-image-wrap\"><img decoding=\"async\" width=\"200\" height=\"200\" class=\"skip-lazy fg-image\" data-src-fg=\"https:\/\/www.elektro-schnitzke.de\/wp-content\/uploads\/cache\/2021\/03\/FEAE0B4A-1F47-4699-B9A6-2FF3942738E1-scaled\/1413842894.jpeg\" src=\"data:image\/svg+xml,%3Csvg%20xmlns%3D%22http%3A%2F%2Fwww.w3.org%2F2000%2Fsvg%22%20width%3D%22200%22%20height%3D%22200%22%20viewBox%3D%220%200%20200%20200%22%3E%3C%2Fsvg%3E\" loading=\"eager\"><\/span><span class=\"fg-image-overlay\"><\/span><\/a><figcaption class=\"fg-caption\"><div class=\"fg-caption-inner\"><\/div><\/figcaption><\/figure><div class=\"fg-loader\"><\/div><\/div><div class=\"fg-item fg-type-image fg-idle\"><figure class=\"fg-item-inner\"><a href=\"https:\/\/www.elektro-schnitzke.de\/wp-content\/uploads\/2021\/03\/E8566772-C3F8-4922-ACF4-861A0CC471C1-scaled.jpeg\" data-attachment-id=\"614\" data-type=\"image\" class=\"fg-thumb\"><span class=\"fg-image-wrap\"><img decoding=\"async\" width=\"200\" height=\"200\" class=\"skip-lazy fg-image\" data-src-fg=\"https:\/\/www.elektro-schnitzke.de\/wp-content\/uploads\/cache\/2021\/03\/E8566772-C3F8-4922-ACF4-861A0CC471C1-scaled\/580153947.jpeg\" src=\"data:image\/svg+xml,%3Csvg%20xmlns%3D%22http%3A%2F%2Fwww.w3.org%2F2000%2Fsvg%22%20width%3D%22200%22%20height%3D%22200%22%20viewBox%3D%220%200%20200%20200%22%3E%3C%2Fsvg%3E\" loading=\"eager\"><\/span><span class=\"fg-image-overlay\"><\/span><\/a><figcaption class=\"fg-caption\"><div class=\"fg-caption-inner\"><\/div><\/figcaption><\/figure><div class=\"fg-loader\"><\/div><\/div><div class=\"fg-item fg-type-image fg-idle\"><figure class=\"fg-item-inner\"><a href=\"https:\/\/www.elektro-schnitzke.de\/wp-content\/uploads\/2021\/03\/BD201BB6-7A07-4AD8-97AA-A23F2A376A69-scaled.jpeg\" data-attachment-id=\"616\" data-type=\"image\" class=\"fg-thumb\"><span class=\"fg-image-wrap\"><img decoding=\"async\" width=\"200\" height=\"200\" class=\"skip-lazy fg-image\" data-src-fg=\"https:\/\/www.elektro-schnitzke.de\/wp-content\/uploads\/cache\/2021\/03\/BD201BB6-7A07-4AD8-97AA-A23F2A376A69-scaled\/1967410881.jpeg\" src=\"data:image\/svg+xml,%3Csvg%20xmlns%3D%22http%3A%2F%2Fwww.w3.org%2F2000%2Fsvg%22%20width%3D%22200%22%20height%3D%22200%22%20viewBox%3D%220%200%20200%20200%22%3E%3C%2Fsvg%3E\" loading=\"eager\"><\/span><span class=\"fg-image-overlay\"><\/span><\/a><figcaption class=\"fg-caption\"><div class=\"fg-caption-inner\"><\/div><\/figcaption><\/figure><div class=\"fg-loader\"><\/div><\/div><div class=\"fg-item fg-type-image fg-idle\"><figure class=\"fg-item-inner\"><a href=\"https:\/\/www.elektro-schnitzke.de\/wp-content\/uploads\/2021\/03\/AF5ADC71-C262-4603-9112-B77336FFA81F-scaled.jpeg\" data-attachment-id=\"617\" data-type=\"image\" class=\"fg-thumb\"><span class=\"fg-image-wrap\"><img decoding=\"async\" width=\"200\" height=\"200\" class=\"skip-lazy fg-image\" data-src-fg=\"https:\/\/www.elektro-schnitzke.de\/wp-content\/uploads\/cache\/2021\/03\/AF5ADC71-C262-4603-9112-B77336FFA81F-scaled\/478381350.jpeg\" src=\"data:image\/svg+xml,%3Csvg%20xmlns%3D%22http%3A%2F%2Fwww.w3.org%2F2000%2Fsvg%22%20width%3D%22200%22%20height%3D%22200%22%20viewBox%3D%220%200%20200%20200%22%3E%3C%2Fsvg%3E\" loading=\"eager\"><\/span><span class=\"fg-image-overlay\"><\/span><\/a><figcaption class=\"fg-caption\"><div class=\"fg-caption-inner\"><\/div><\/figcaption><\/figure><div class=\"fg-loader\"><\/div><\/div><\/div>\r\n\n","protected":false},"excerpt":{"rendered":"<p>Gro\u00dfraumb\u00fcro \/ Loft auf zwei Ebenen Sie suchen B\u00fcrofl\u00e4chen f\u00fcr Ihr Unternehmen im Raum Dachau?Dann sind sie hier, bei uns in Altom\u00fcnster, genau richtig. Das individuell gestaltbare Loft liegt direkt im Altom\u00fcnsterer Gewerbepark.Gut zu erreichen mit der S-Bahn Linie 2. Unser Gro\u00dfraumb\u00fcro bietet ca. 195 qm Nutzungsfl\u00e4che aufgeteilt auf zwei Ebenen. Die obere Ebene &#8211; <a href=\"https:\/\/www.elektro-schnitzke.de\/?page_id=438\" rel=\"nofollow\"><span class=\"sr-only\">Read more about B\u00fcrofl\u00e4chen zu vermieten<\/span>[&hellip;]<\/a><\/p>\n","protected":false},"author":1,"featured_media":0,"parent":0,"menu_order":0,"comment_status":"closed","ping_status":"closed","template":"template-fullwidth.php","meta":{"footnotes":"","_links_to":"","_links_to_target":""},"class_list":["post-438","page","type-page","status-publish","hentry"],"_links":{"self":[{"href":"https:\/\/www.elektro-schnitzke.de\/index.php?rest_route=\/wp\/v2\/pages\/438","targetHints":{"allow":["GET"]}}],"collection":[{"href":"https:\/\/www.elektro-schnitzke.de\/index.php?rest_route=\/wp\/v2\/pages"}],"about":[{"href":"https:\/\/www.elektro-schnitzke.de\/index.php?rest_route=\/wp\/v2\/types\/page"}],"author":[{"embeddable":true,"href":"https:\/\/www.elektro-schnitzke.de\/index.php?rest_route=\/wp\/v2\/users\/1"}],"replies":[{"embeddable":true,"href":"https:\/\/www.elektro-schnitzke.de\/index.php?rest_route=%2Fwp%2Fv2%2Fcomments&post=438"}],"version-history":[{"count":30,"href":"https:\/\/www.elektro-schnitzke.de\/index.php?rest_route=\/wp\/v2\/pages\/438\/revisions"}],"predecessor-version":[{"id":625,"href":"https:\/\/www.elektro-schnitzke.de\/index.php?rest_route=\/wp\/v2\/pages\/438\/revisions\/625"}],"wp:attachment":[{"href":"https:\/\/www.elektro-schnitzke.de\/index.php?rest_route=%2Fwp%2Fv2%2Fmedia&parent=438"}],"curies":[{"name":"wp","href":"https:\/\/api.w.org\/{rel}","templated":true}]}}