{"id":434,"date":"2021-03-13T10:48:28","date_gmt":"2021-03-13T09:48:28","guid":{"rendered":"https:\/\/www.elektro-schnitzke.de\/?page_id=434"},"modified":"2021-03-21T15:17:31","modified_gmt":"2021-03-21T14:17:31","slug":"wir-suchen-dich","status":"publish","type":"page","link":"https:\/\/www.elektro-schnitzke.de\/?page_id=434","title":{"rendered":"Wir suchen Dich!"},"content":{"rendered":"\n<h2 class=\"wp-block-heading\">Elektroniker f\u00fcr Energie- und Geb\u00e4udetechnik (m\/w\/d). <\/h2>\n\n\n\n<p><strong>Unternehmensinformationen: <\/strong><br>Die Schnitzke Elektrotechnik GmbH &amp; Co. KG mit Sitz in Altom\u00fcnster, n\u00f6rdlich von M\u00fcnchen sucht einen engagierten Elektroniker f\u00fcr Energie- und Geb\u00e4udetechnik (m\/w\/d). <br>Seit \u00fcber 30 Jahren ist Handwerk unsere Leidenschaft! Wir realisieren von Kleinstanlagen bis zur gro\u00dfen Industrieanlage alles rund um Energie- und Geb\u00e4udetechnik.<br>Unsere Schwerpunkte liegen im Wohnungs- und Gewerbebau. Von einfachsten Projekten bis zu hoch technisierten Steuerungsaufgaben bieten wir f\u00fcr unsere Kunden die besten L\u00f6sungen an. <\/p>\n\n\n\n<p><strong>Sie haben Spa\u00df an &#8230;<\/strong><br>&#8230; handwerklichen Herausforderungen.<br>&#8230; selbstst\u00e4ndiger Arbeit.<br>&#8230; der Arbeit im Team. <\/p>\n\n\n\n<p><strong>Sie passen zu uns, wenn &#8230;<\/strong><br>&#8230; Sie eine erfolgreich abgeschlossene Ausbildung in der Elektrotechnik vorweisen k\u00f6nnen.<br>&#8230; Sie idealerweise \u00fcber Kenntnisse in der Geb\u00e4udetechnik, Elektroinstallation und Netzwerkverkabelung verf\u00fcgen. <\/p>\n\n\n\n<p class=\"has-medium-font-size\"><em>Wir haben ihr Interesse geweckt?<\/em><\/p>\n\n\n\n<p><strong>Dann bewerben Sie sich unter: <\/strong><\/p>\n\n\n\n<div class=\"wp-block-buttons is-layout-flex wp-block-buttons-is-layout-flex\">\n<div class=\"wp-block-button has-custom-width wp-block-button__width-100 is-style-fill\"><a class=\"wp-block-button__link\" href=\"mailto:info@elektro-schnitzke.de\">info@elektro-schnitzke.de<\/a><\/div>\n<\/div>\n\n\n\n<p><\/p>\n","protected":false},"excerpt":{"rendered":"<p>Elektroniker f\u00fcr Energie- und Geb\u00e4udetechnik (m\/w\/d). Unternehmensinformationen: Die Schnitzke Elektrotechnik GmbH &amp; Co. KG mit Sitz in Altom\u00fcnster, n\u00f6rdlich von M\u00fcnchen sucht einen engagierten Elektroniker f\u00fcr Energie- und Geb\u00e4udetechnik (m\/w\/d). Seit \u00fcber 30 Jahren ist Handwerk unsere Leidenschaft! Wir realisieren von Kleinstanlagen bis zur gro\u00dfen Industrieanlage alles rund um Energie- und Geb\u00e4udetechnik.Unsere Schwerpunkte liegen im <a href=\"https:\/\/www.elektro-schnitzke.de\/?page_id=434\" rel=\"nofollow\"><span class=\"sr-only\">Read more about Wir suchen Dich!<\/span>[&hellip;]<\/a><\/p>\n","protected":false},"author":1,"featured_media":0,"parent":0,"menu_order":0,"comment_status":"closed","ping_status":"closed","template":"template-fullwidth.php","meta":{"footnotes":"","_links_to":"","_links_to_target":""},"class_list":["post-434","page","type-page","status-publish","hentry"],"_links":{"self":[{"href":"https:\/\/www.elektro-schnitzke.de\/index.php?rest_route=\/wp\/v2\/pages\/434","targetHints":{"allow":["GET"]}}],"collection":[{"href":"https:\/\/www.elektro-schnitzke.de\/index.php?rest_route=\/wp\/v2\/pages"}],"about":[{"href":"https:\/\/www.elektro-schnitzke.de\/index.php?rest_route=\/wp\/v2\/types\/page"}],"author":[{"embeddable":true,"href":"https:\/\/www.elektro-schnitzke.de\/index.php?rest_route=\/wp\/v2\/users\/1"}],"replies":[{"embeddable":true,"href":"https:\/\/www.elektro-schnitzke.de\/index.php?rest_route=%2Fwp%2Fv2%2Fcomments&post=434"}],"version-history":[{"count":9,"href":"https:\/\/www.elektro-schnitzke.de\/index.php?rest_route=\/wp\/v2\/pages\/434\/revisions"}],"predecessor-version":[{"id":558,"href":"https:\/\/www.elektro-schnitzke.de\/index.php?rest_route=\/wp\/v2\/pages\/434\/revisions\/558"}],"wp:attachment":[{"href":"https:\/\/www.elektro-schnitzke.de\/index.php?rest_route=%2Fwp%2Fv2%2Fmedia&parent=434"}],"curies":[{"name":"wp","href":"https:\/\/api.w.org\/{rel}","templated":true}]}}