{"id":38,"date":"2018-07-10T10:56:29","date_gmt":"2018-07-10T08:56:29","guid":{"rendered":"http:\/\/www.elektro-schnitzke.de\/?page_id=38"},"modified":"2023-04-14T07:12:10","modified_gmt":"2023-04-14T05:12:10","slug":"gebaeudetechnik","status":"publish","type":"page","link":"https:\/\/www.elektro-schnitzke.de\/?page_id=38","title":{"rendered":"Geb\u00e4udetechnik"},"content":{"rendered":"<style type=\"text\/css\">\r\n\t#foogallery-gallery-385 .fg-image {\r\n        width: 200px;\r\n    }\r\n<\/style>\r\n\t\t\t\t<div class=\"foogallery foogallery-container foogallery-default foogallery-lightbox-none fg-gutter-15 fg-center fg-default fg-light fg-border-thin fg-shadow-medium fg-loaded-fade-in fg-hover-fade fg-ready\" id=\"foogallery-gallery-385\" data-foogallery=\"{&quot;item&quot;:{&quot;showCaptionTitle&quot;:false,&quot;showCaptionDescription&quot;:false},&quot;lazy&quot;:true}\" >\r\n\t<div class=\"fg-item fg-type-image fg-idle\"><figure class=\"fg-item-inner\"><a data-attachment-id=\"333\" data-type=\"image\" class=\"fg-thumb\"><span class=\"fg-image-wrap\"><img decoding=\"async\" width=\"200\" height=\"200\" class=\"skip-lazy fg-image\" data-src-fg=\"https:\/\/www.elektro-schnitzke.de\/wp-content\/uploads\/cache\/2018\/07\/67739CC7-8B3F-4C0B-B3EC-F2C7C2A1994B\/1736622075.jpeg\" src=\"data:image\/svg+xml,%3Csvg%20xmlns%3D%22http%3A%2F%2Fwww.w3.org%2F2000%2Fsvg%22%20width%3D%22200%22%20height%3D%22200%22%20viewBox%3D%220%200%20200%20200%22%3E%3C%2Fsvg%3E\" loading=\"eager\"><\/span><span class=\"fg-image-overlay\"><\/span><\/a><figcaption class=\"fg-caption\"><div class=\"fg-caption-inner\"><\/div><\/figcaption><\/figure><div class=\"fg-loader\"><\/div><\/div><div class=\"fg-item fg-type-image fg-idle\"><figure class=\"fg-item-inner\"><a data-attachment-id=\"336\" data-type=\"image\" class=\"fg-thumb\"><span class=\"fg-image-wrap\"><img decoding=\"async\" width=\"200\" height=\"200\" class=\"skip-lazy fg-image\" data-src-fg=\"https:\/\/www.elektro-schnitzke.de\/wp-content\/uploads\/cache\/2018\/07\/D8AB5610-97A4-4C32-BB76-EE71EEB8FEBC\/3381807626.jpeg\" src=\"data:image\/svg+xml,%3Csvg%20xmlns%3D%22http%3A%2F%2Fwww.w3.org%2F2000%2Fsvg%22%20width%3D%22200%22%20height%3D%22200%22%20viewBox%3D%220%200%20200%20200%22%3E%3C%2Fsvg%3E\" loading=\"eager\"><\/span><span class=\"fg-image-overlay\"><\/span><\/a><figcaption class=\"fg-caption\"><div class=\"fg-caption-inner\"><\/div><\/figcaption><\/figure><div class=\"fg-loader\"><\/div><\/div><div class=\"fg-item fg-type-image fg-idle\"><figure class=\"fg-item-inner\"><a data-attachment-id=\"338\" data-type=\"image\" class=\"fg-thumb\"><span class=\"fg-image-wrap\"><img decoding=\"async\" width=\"200\" height=\"200\" class=\"skip-lazy fg-image\" data-src-fg=\"https:\/\/www.elektro-schnitzke.de\/wp-content\/uploads\/cache\/2018\/07\/116F8EC6-C6E7-4CB7-BF62-9D8BEC8B9FBC\/2494275715.jpeg\" src=\"data:image\/svg+xml,%3Csvg%20xmlns%3D%22http%3A%2F%2Fwww.w3.org%2F2000%2Fsvg%22%20width%3D%22200%22%20height%3D%22200%22%20viewBox%3D%220%200%20200%20200%22%3E%3C%2Fsvg%3E\" loading=\"eager\"><\/span><span class=\"fg-image-overlay\"><\/span><\/a><figcaption class=\"fg-caption\"><div class=\"fg-caption-inner\"><\/div><\/figcaption><\/figure><div class=\"fg-loader\"><\/div><\/div><div class=\"fg-item fg-type-image fg-idle\"><figure class=\"fg-item-inner\"><a data-attachment-id=\"335\" data-type=\"image\" class=\"fg-thumb\"><span class=\"fg-image-wrap\"><img decoding=\"async\" width=\"200\" height=\"200\" class=\"skip-lazy fg-image\" data-src-fg=\"https:\/\/www.elektro-schnitzke.de\/wp-content\/uploads\/cache\/2018\/07\/57AAE32D-756E-4D88-A80F-3EC512465D9C\/214101408.jpeg\" src=\"data:image\/svg+xml,%3Csvg%20xmlns%3D%22http%3A%2F%2Fwww.w3.org%2F2000%2Fsvg%22%20width%3D%22200%22%20height%3D%22200%22%20viewBox%3D%220%200%20200%20200%22%3E%3C%2Fsvg%3E\" loading=\"eager\"><\/span><span class=\"fg-image-overlay\"><\/span><\/a><figcaption class=\"fg-caption\"><div class=\"fg-caption-inner\"><\/div><\/figcaption><\/figure><div class=\"fg-loader\"><\/div><\/div><\/div>\r\n\n\n\n\n<p><\/p>\n\n\n\n<p class=\"has-text-align-center\"><strong>KNX Bus Geb\u00e4udeautomation, free@home, TA<\/strong><\/p>\n\n\n\n<p class=\"has-text-align-center\">Die moderne zukunftssichere Elektroinstallation.<br>Schalter und Verbraucher wie Leuchten, Rolladenantriebe usw. werden mittels Programmierung frei nach Kundenwunsch zugeordnet.<\/p>\n\n\n\n<p class=\"has-text-align-center\">\u00c4nderungen sind jederzeit m\u00f6glich (ohne Hammer und Mei\u00dfel), zudem er\u00f6ffnen sich vielf\u00e4ltigste M\u00f6glichkeiten wie Zentralfunktionen, Steuerung von Jalousien, Markisen und Rollladen, Raumtemperatur\u00fcberwachung, Beleuchtungseffekte, Panik- und \u00dcberwachungsschaltungen.<\/p>\n\n\n\n<p class=\"has-text-align-center\"><em>Mit \u00fcber 20-j\u00e4hriger Erfahrung von der Doppelhaush\u00e4lfte bis zum gro\u00dfen Gewerbeobjekt sind wir der richtige Partner f\u00fcr Sie auf diesem Gebiet.&nbsp;<\/em><\/p>\n\n\n\n<p><\/p>\n","protected":false},"excerpt":{"rendered":"<p>KNX Bus Geb\u00e4udeautomation, free@home, TA Die moderne zukunftssichere Elektroinstallation.Schalter und Verbraucher wie Leuchten, Rolladenantriebe usw. werden mittels Programmierung frei nach Kundenwunsch zugeordnet. \u00c4nderungen sind jederzeit m\u00f6glich (ohne Hammer und Mei\u00dfel), zudem er\u00f6ffnen sich vielf\u00e4ltigste M\u00f6glichkeiten wie Zentralfunktionen, Steuerung von Jalousien, Markisen und Rollladen, Raumtemperatur\u00fcberwachung, Beleuchtungseffekte, Panik- und \u00dcberwachungsschaltungen. Mit \u00fcber 20-j\u00e4hriger Erfahrung von der Doppelhaush\u00e4lfte <a href=\"https:\/\/www.elektro-schnitzke.de\/?page_id=38\" rel=\"nofollow\"><span class=\"sr-only\">Read more about Geb\u00e4udetechnik<\/span>[&hellip;]<\/a><\/p>\n","protected":false},"author":1,"featured_media":0,"parent":0,"menu_order":0,"comment_status":"closed","ping_status":"closed","template":"template-fullwidth.php","meta":{"footnotes":"","_links_to":"","_links_to_target":""},"class_list":["post-38","page","type-page","status-publish","hentry"],"_links":{"self":[{"href":"https:\/\/www.elektro-schnitzke.de\/index.php?rest_route=\/wp\/v2\/pages\/38","targetHints":{"allow":["GET"]}}],"collection":[{"href":"https:\/\/www.elektro-schnitzke.de\/index.php?rest_route=\/wp\/v2\/pages"}],"about":[{"href":"https:\/\/www.elektro-schnitzke.de\/index.php?rest_route=\/wp\/v2\/types\/page"}],"author":[{"embeddable":true,"href":"https:\/\/www.elektro-schnitzke.de\/index.php?rest_route=\/wp\/v2\/users\/1"}],"replies":[{"embeddable":true,"href":"https:\/\/www.elektro-schnitzke.de\/index.php?rest_route=%2Fwp%2Fv2%2Fcomments&post=38"}],"version-history":[{"count":15,"href":"https:\/\/www.elektro-schnitzke.de\/index.php?rest_route=\/wp\/v2\/pages\/38\/revisions"}],"predecessor-version":[{"id":605,"href":"https:\/\/www.elektro-schnitzke.de\/index.php?rest_route=\/wp\/v2\/pages\/38\/revisions\/605"}],"wp:attachment":[{"href":"https:\/\/www.elektro-schnitzke.de\/index.php?rest_route=%2Fwp%2Fv2%2Fmedia&parent=38"}],"curies":[{"name":"wp","href":"https:\/\/api.w.org\/{rel}","templated":true}]}}