{"id":317,"date":"2018-07-18T19:10:31","date_gmt":"2018-07-18T17:10:31","guid":{"rendered":"http:\/\/www.elektro-schnitzke.de\/?page_id=317"},"modified":"2023-04-14T07:14:13","modified_gmt":"2023-04-14T05:14:13","slug":"dezentrale-wrg-lueftung","status":"publish","type":"page","link":"https:\/\/www.elektro-schnitzke.de\/?page_id=317","title":{"rendered":"dezentrale WRG-L\u00fcftung"},"content":{"rendered":"<style type=\"text\/css\">\r\n\t#foogallery-gallery-386 .fg-image {\r\n        width: 200px;\r\n    }\r\n<\/style>\r\n\t\t\t\t<div class=\"foogallery foogallery-container foogallery-default foogallery-lightbox-none fg-gutter-15 fg-center fg-default fg-light fg-border-thin fg-shadow-medium fg-loaded-fade-in fg-hover-fade fg-ready\" id=\"foogallery-gallery-386\" data-foogallery=\"{&quot;item&quot;:{&quot;showCaptionTitle&quot;:false,&quot;showCaptionDescription&quot;:false},&quot;lazy&quot;:true}\" >\r\n\t<div class=\"fg-item fg-type-image fg-idle\"><figure class=\"fg-item-inner\"><a data-attachment-id=\"326\" data-type=\"image\" class=\"fg-thumb\"><span class=\"fg-image-wrap\"><img decoding=\"async\" width=\"200\" height=\"200\" class=\"skip-lazy fg-image\" data-src-fg=\"https:\/\/www.elektro-schnitzke.de\/wp-content\/uploads\/cache\/2018\/07\/A8152FCF-864A-43B7-BF54-BECD90CF6CB1\/3221459253.jpeg\" src=\"data:image\/svg+xml,%3Csvg%20xmlns%3D%22http%3A%2F%2Fwww.w3.org%2F2000%2Fsvg%22%20width%3D%22200%22%20height%3D%22200%22%20viewBox%3D%220%200%20200%20200%22%3E%3C%2Fsvg%3E\" loading=\"eager\"><\/span><span class=\"fg-image-overlay\"><\/span><\/a><figcaption class=\"fg-caption\"><div class=\"fg-caption-inner\"><\/div><\/figcaption><\/figure><div class=\"fg-loader\"><\/div><\/div><div class=\"fg-item fg-type-image fg-idle\"><figure class=\"fg-item-inner\"><a data-attachment-id=\"323\" data-type=\"image\" class=\"fg-thumb\"><span class=\"fg-image-wrap\"><img decoding=\"async\" width=\"200\" height=\"200\" class=\"skip-lazy fg-image\" data-src-fg=\"https:\/\/www.elektro-schnitzke.de\/wp-content\/uploads\/cache\/2018\/07\/3758D389-1B58-4BDF-AC66-3E4A585317C5\/1044812267.jpeg\" src=\"data:image\/svg+xml,%3Csvg%20xmlns%3D%22http%3A%2F%2Fwww.w3.org%2F2000%2Fsvg%22%20width%3D%22200%22%20height%3D%22200%22%20viewBox%3D%220%200%20200%20200%22%3E%3C%2Fsvg%3E\" loading=\"eager\"><\/span><span class=\"fg-image-overlay\"><\/span><\/a><figcaption class=\"fg-caption\"><div class=\"fg-caption-inner\"><\/div><\/figcaption><\/figure><div class=\"fg-loader\"><\/div><\/div><div class=\"fg-item fg-type-image fg-idle\"><figure class=\"fg-item-inner\"><a data-attachment-id=\"324\" data-type=\"image\" class=\"fg-thumb\"><span class=\"fg-image-wrap\"><img decoding=\"async\" width=\"200\" height=\"200\" class=\"skip-lazy fg-image\" data-src-fg=\"https:\/\/www.elektro-schnitzke.de\/wp-content\/uploads\/cache\/2018\/07\/D082EADA-E31D-46BD-A226-B37B229E887C\/3943880898.jpeg\" src=\"data:image\/svg+xml,%3Csvg%20xmlns%3D%22http%3A%2F%2Fwww.w3.org%2F2000%2Fsvg%22%20width%3D%22200%22%20height%3D%22200%22%20viewBox%3D%220%200%20200%20200%22%3E%3C%2Fsvg%3E\" loading=\"eager\"><\/span><span class=\"fg-image-overlay\"><\/span><\/a><figcaption class=\"fg-caption\"><div class=\"fg-caption-inner\"><\/div><\/figcaption><\/figure><div class=\"fg-loader\"><\/div><\/div><div class=\"fg-item fg-type-image fg-idle\"><figure class=\"fg-item-inner\"><a data-attachment-id=\"328\" data-type=\"image\" class=\"fg-thumb\"><span class=\"fg-image-wrap\"><img decoding=\"async\" width=\"200\" height=\"200\" class=\"skip-lazy fg-image\" data-src-fg=\"https:\/\/www.elektro-schnitzke.de\/wp-content\/uploads\/cache\/2018\/07\/87EFAFED-6EB5-42A3-94DA-F6E0A624B574\/2991064558.jpeg\" src=\"data:image\/svg+xml,%3Csvg%20xmlns%3D%22http%3A%2F%2Fwww.w3.org%2F2000%2Fsvg%22%20width%3D%22200%22%20height%3D%22200%22%20viewBox%3D%220%200%20200%20200%22%3E%3C%2Fsvg%3E\" loading=\"eager\"><\/span><span class=\"fg-image-overlay\"><\/span><\/a><figcaption class=\"fg-caption\"><div class=\"fg-caption-inner\"><\/div><\/figcaption><\/figure><div class=\"fg-loader\"><\/div><\/div><\/div>\r\n\n\n\n\n<p><\/p>\n\n\n\n<p class=\"has-text-align-center\"><strong>Kontrollierte Wohnrauml\u00fcftung.<\/strong><\/p>\n\n\n\n<p class=\"has-text-align-center\">&#8211; Vermeidung von Schimmelbildung<br>&#8211; schafft ein angenehmes Wohnraumklima<br>&#8211; spart Energie, 90% W\u00e4rmer\u00fcckgewinnung<br>&#8211; mit Filtern ausgestattet<br>&#8211; keine l\u00e4stige Kanal Reinigung \/ Kamera Befahrung<br>&#8211; geringster Stromverbrauch<br>&#8211; Wartung kann selbst durchgef\u00fchrt werden<\/p>\n","protected":false},"excerpt":{"rendered":"<p>Kontrollierte Wohnrauml\u00fcftung. &#8211; Vermeidung von Schimmelbildung&#8211; schafft ein angenehmes Wohnraumklima&#8211; spart Energie, 90% W\u00e4rmer\u00fcckgewinnung&#8211; mit Filtern ausgestattet&#8211; keine l\u00e4stige Kanal Reinigung \/ Kamera Befahrung&#8211; geringster Stromverbrauch&#8211; Wartung kann selbst durchgef\u00fchrt werden<\/p>\n","protected":false},"author":1,"featured_media":0,"parent":0,"menu_order":0,"comment_status":"closed","ping_status":"closed","template":"template-fullwidth.php","meta":{"footnotes":"","_links_to":"","_links_to_target":""},"class_list":["post-317","page","type-page","status-publish","hentry"],"_links":{"self":[{"href":"https:\/\/www.elektro-schnitzke.de\/index.php?rest_route=\/wp\/v2\/pages\/317","targetHints":{"allow":["GET"]}}],"collection":[{"href":"https:\/\/www.elektro-schnitzke.de\/index.php?rest_route=\/wp\/v2\/pages"}],"about":[{"href":"https:\/\/www.elektro-schnitzke.de\/index.php?rest_route=\/wp\/v2\/types\/page"}],"author":[{"embeddable":true,"href":"https:\/\/www.elektro-schnitzke.de\/index.php?rest_route=\/wp\/v2\/users\/1"}],"replies":[{"embeddable":true,"href":"https:\/\/www.elektro-schnitzke.de\/index.php?rest_route=%2Fwp%2Fv2%2Fcomments&post=317"}],"version-history":[{"count":9,"href":"https:\/\/www.elektro-schnitzke.de\/index.php?rest_route=\/wp\/v2\/pages\/317\/revisions"}],"predecessor-version":[{"id":655,"href":"https:\/\/www.elektro-schnitzke.de\/index.php?rest_route=\/wp\/v2\/pages\/317\/revisions\/655"}],"wp:attachment":[{"href":"https:\/\/www.elektro-schnitzke.de\/index.php?rest_route=%2Fwp%2Fv2%2Fmedia&parent=317"}],"curies":[{"name":"wp","href":"https:\/\/api.w.org\/{rel}","templated":true}]}}